{"id":7772,"date":"2024-02-14T09:54:45","date_gmt":"2024-02-14T09:54:45","guid":{"rendered":"https:\/\/carsten.qodeinteractive.com\/?page_id=7772"},"modified":"2026-03-10T00:48:29","modified_gmt":"2026-03-09T23:48:29","slug":"hotel-doornik","status":"publish","type":"page","link":"https:\/\/www.onirotournai.com\/nl\/hotel-doornik\/","title":{"rendered":"L&rsquo;H\u00f4tel"},"content":{"rendered":"<div data-elementor-type=\"wp-page\" data-elementor-id=\"7772\" class=\"elementor elementor-7772\">\n\t\t\t\t<div class=\"elementor-element elementor-element-08e2649 e-con-full e-flex e-con e-parent\" data-id=\"08e2649\" data-element_type=\"container\" data-e-type=\"container\" data-settings=\"{&quot;background_background&quot;:&quot;classic&quot;}\">\n\t\t<div class=\"elementor-element elementor-element-6343958 e-con-full e-flex e-con e-child\" data-id=\"6343958\" data-element_type=\"container\" data-e-type=\"container\">\n\t\t<div class=\"elementor-element elementor-element-b66cc4b e-con-full e-flex e-con e-child\" data-id=\"b66cc4b\" data-element_type=\"container\" data-e-type=\"container\" data-settings=\"{&quot;background_background&quot;:&quot;classic&quot;}\">\n\t\t<div class=\"elementor-element elementor-element-815b115 e-con-full e-flex e-con e-child\" data-id=\"815b115\" data-element_type=\"container\" data-e-type=\"container\">\n\t\t\t\t<div class=\"elementor-element elementor-element-020497b elementor-widget elementor-widget-carsten_core_separator\" data-id=\"020497b\" data-element_type=\"widget\" data-e-type=\"widget\" data-widget_type=\"carsten_core_separator.default\">\n\t\t\t\t<div class=\"elementor-widget-container\">\n\t\t\t\t\t<div class=\"qodef-shortcode qodef-m qodef-separator clear qodef-show--yes qodef--has-appear qodef-show-1600--yes qodef-show-1512--yes qodef-show-1368--yes qodef-show-1200--yes qodef-show-1024--yes qodef-show-880--yes qodef-show-680--yes\">\n\t<div class=\"qodef-m-line\" style=\"border-color: #C6B9B9;width: 1px;border-bottom-width: 138px\"><\/div>\n<\/div>\n\t\t\t\t<\/div>\n\t\t\t\t<\/div>\n\t\t\t\t<div class=\"elementor-element elementor-element-9ea9e47 elementor-widget__width-initial elementor-widget elementor-widget-carsten_core_section_title\" data-id=\"9ea9e47\" data-element_type=\"widget\" data-e-type=\"widget\" data-widget_type=\"carsten_core_section_title.default\">\n\t\t\t\t<div class=\"elementor-widget-container\">\n\t\t\t\t\t<div class=\"qodef-shortcode qodef-m qodef-section-title qodef-alignment--center\">\n\t\t<h2 class=\"qodef-m-title\" style=\"color: #271D1D;text-transform: uppercase\">\n\t\t\t\t\tDe oorsprong\t\t\t<\/h2>\n\t\t<p class=\"qodef-m-subtitle\" >HOTEL DOORNIK<\/p>\n\t<\/div>\n\t\t\t\t<\/div>\n\t\t\t\t<\/div>\n\t\t\t\t<\/div>\n\t\t<div class=\"elementor-element elementor-element-24ff4c3 e-con-full e-flex e-con e-child\" data-id=\"24ff4c3\" data-element_type=\"container\" data-e-type=\"container\">\n\t\t\t\t<div class=\"elementor-element elementor-element-f3d5996 elementor-widget__width-initial elementor-widget elementor-widget-carsten_core_section_title\" data-id=\"f3d5996\" data-element_type=\"widget\" data-e-type=\"widget\" data-widget_type=\"carsten_core_section_title.default\">\n\t\t\t\t<div class=\"elementor-widget-container\">\n\t\t\t\t\t<div class=\"qodef-shortcode qodef-m qodef-section-title qodef-alignment--center\">\n\t\t\t<p class=\"qodef-m-subtitle\" style=\"color: #271D1D\">oniro \u2014 van het Oudgrieks \u03cc\u03bd\u03b5\u03b9\u03c1\u03bf\u03c2, \u201cdroom\u201d<\/p>\n\t\t<p class=\"qodef-m-text\" >Een naam die de geest van ons hotel in Doornik weerspiegelt: een plek waar de tijd vertraagt, een moment van rust in het hart van de oudste stad van Belgi\u00eb. Elk detail is ontworpen om een verfijnd en comfortabel verblijf te bieden, zonder overbodigheid.<\/p>\n<\/div>\n\t\t\t\t<\/div>\n\t\t\t\t<\/div>\n\t\t\t\t<\/div>\n\t\t\t\t<\/div>\n\t\t<div class=\"elementor-element elementor-element-484c24e e-con-full e-flex e-con e-child\" data-id=\"484c24e\" data-element_type=\"container\" data-e-type=\"container\" data-settings=\"{&quot;background_background&quot;:&quot;classic&quot;}\">\n\t\t\t\t<\/div>\n\t\t\t\t<\/div>\n\t\t\t\t<\/div>\n\t\t<div class=\"elementor-element elementor-element-033bd3b e-con-full e-flex e-con e-parent\" data-id=\"033bd3b\" data-element_type=\"container\" data-e-type=\"container\" data-settings=\"{&quot;background_background&quot;:&quot;classic&quot;}\">\n\t\t<div class=\"elementor-element elementor-element-effeeab e-con-full qodef-elementor-content-grid e-flex e-con e-child\" data-id=\"effeeab\" data-element_type=\"container\" data-e-type=\"container\">\n\t\t<div class=\"elementor-element elementor-element-7f05a61 e-con-full e-flex e-con e-child\" data-id=\"7f05a61\" data-element_type=\"container\" data-e-type=\"container\">\n\t\t<div class=\"elementor-element elementor-element-0f6e8cc e-con-full e-flex e-con e-child\" data-id=\"0f6e8cc\" data-element_type=\"container\" data-e-type=\"container\">\n\t\t\t\t<div class=\"elementor-element elementor-element-6b18508 elementor-widget elementor-widget-carsten_core_separator\" data-id=\"6b18508\" data-element_type=\"widget\" data-e-type=\"widget\" data-widget_type=\"carsten_core_separator.default\">\n\t\t\t\t<div class=\"elementor-widget-container\">\n\t\t\t\t\t<div class=\"qodef-shortcode qodef-m qodef-separator clear qodef-show--yes qodef--has-appear qodef-show-1600--yes qodef-show-1512--yes qodef-show-1368--yes qodef-show-1200--yes qodef-show-1024--yes qodef-show-880--yes qodef-show-680--yes\">\n\t<div class=\"qodef-m-line\" style=\"border-color: #C6B9B9;width: 1px;border-bottom-width: 138px\"><\/div>\n<\/div>\n\t\t\t\t<\/div>\n\t\t\t\t<\/div>\n\t\t\t\t<div class=\"elementor-element elementor-element-4625f2e elementor-widget__width-initial elementor-widget elementor-widget-carsten_core_section_title\" data-id=\"4625f2e\" data-element_type=\"widget\" data-e-type=\"widget\" data-widget_type=\"carsten_core_section_title.default\">\n\t\t\t\t<div class=\"elementor-widget-container\">\n\t\t\t\t\t<div class=\"qodef-shortcode qodef-m qodef-section-title qodef-alignment--center\">\n\t\t<h2 class=\"qodef-m-title\" style=\"color: #FFFFFF;text-transform: uppercase\">\n\t\t\t\t\tDe sfeer\t\t\t<\/h2>\n\t\t<\/div>\n\t\t\t\t<\/div>\n\t\t\t\t<\/div>\n\t\t\t\t<\/div>\n\t\t<div class=\"elementor-element elementor-element-3470947 e-con-full e-flex e-con e-child\" data-id=\"3470947\" data-element_type=\"container\" data-e-type=\"container\">\n\t\t\t\t<div class=\"elementor-element elementor-element-b2c92ac elementor-widget__width-initial elementor-widget elementor-widget-carsten_core_section_title\" data-id=\"b2c92ac\" data-element_type=\"widget\" data-e-type=\"widget\" data-widget_type=\"carsten_core_section_title.default\">\n\t\t\t\t<div class=\"elementor-widget-container\">\n\t\t\t\t\t<div class=\"qodef-shortcode qodef-m qodef-section-title qodef-alignment--center\">\n\t\t\t<p class=\"qodef-m-subtitle\" style=\"color: #FFFFFF\">Een ambiance waar strakke lijnen samenkomen met warme materialen. Een subtiel evenwicht, eenvoudig ontworpen om u goed te laten voelen. Onze 6 accommodaties \u2014 2 suites met priv\u00e9spa en 4 luxekamers \u2014 nodigen u uit voor een unieke ervaring in Doornik.<\/p>\n\t<\/div>\n\t\t\t\t<\/div>\n\t\t\t\t<\/div>\n\t\t\t\t<\/div>\n\t\t\t\t<\/div>\n\t\t<div class=\"elementor-element elementor-element-49dd5c9 e-con-full e-flex e-con e-child\" data-id=\"49dd5c9\" data-element_type=\"container\" data-e-type=\"container\">\n\t\t\t\t<div class=\"elementor-element elementor-element-1b58b8e elementor-widget elementor-widget-image\" data-id=\"1b58b8e\" data-element_type=\"widget\" data-e-type=\"widget\" data-widget_type=\"image.default\">\n\t\t\t\t\t\t\t\t\t\t\t\t\t\t\t<img fetchpriority=\"high\" decoding=\"async\" width=\"650\" height=\"650\" src=\"https:\/\/www.onirotournai.com\/v3\/wp-content\/uploads\/2026\/02\/oniro-contact-650x650.jpg\" class=\"attachment-qi_addons_for_elementor_image_size_square size-qi_addons_for_elementor_image_size_square wp-image-12571\" alt=\"h\u00f4tel tournai\" srcset=\"https:\/\/www.onirotournai.com\/v3\/wp-content\/uploads\/2026\/02\/oniro-contact-650x650.jpg 650w, https:\/\/www.onirotournai.com\/v3\/wp-content\/uploads\/2026\/02\/oniro-contact-150x150.jpg 150w, https:\/\/www.onirotournai.com\/v3\/wp-content\/uploads\/2026\/02\/oniro-contact-1300x1300.jpg 1300w\" sizes=\"(max-width: 650px) 100vw, 650px\" \/>\t\t\t\t\t\t\t\t\t\t\t\t\t\t\t<\/div>\n\t\t\t\t<\/div>\n\t\t\t\t<\/div>\n\t\t\t\t<\/div>\n\t\t<div class=\"elementor-element elementor-element-9a1165d e-con-full e-flex e-con e-parent\" data-id=\"9a1165d\" data-element_type=\"container\" data-e-type=\"container\">\n\t\t<div class=\"elementor-element elementor-element-93a26e3 e-con-full e-flex e-con e-child\" data-id=\"93a26e3\" data-element_type=\"container\" data-e-type=\"container\" data-settings=\"{&quot;background_background&quot;:&quot;classic&quot;}\">\n\t\t\t\t<\/div>\n\t\t<div class=\"elementor-element elementor-element-017e57b e-con-full e-flex e-con e-child\" data-id=\"017e57b\" data-element_type=\"container\" data-e-type=\"container\" data-settings=\"{&quot;background_background&quot;:&quot;classic&quot;}\">\n\t\t<div class=\"elementor-element elementor-element-87d173c e-con-full e-flex e-con e-child\" data-id=\"87d173c\" data-element_type=\"container\" data-e-type=\"container\">\n\t\t\t\t<div class=\"elementor-element elementor-element-b19b2c5 elementor-widget elementor-widget-carsten_core_separator\" data-id=\"b19b2c5\" data-element_type=\"widget\" data-e-type=\"widget\" data-widget_type=\"carsten_core_separator.default\">\n\t\t\t\t<div class=\"elementor-widget-container\">\n\t\t\t\t\t<div class=\"qodef-shortcode qodef-m qodef-separator clear qodef-show--yes qodef--has-appear qodef-show-1600--yes qodef-show-1512--yes qodef-show-1368--yes qodef-show-1200--yes qodef-show-1024--yes qodef-show-880--yes qodef-show-680--yes\">\n\t<div class=\"qodef-m-line\" style=\"border-color: #C6B9B9;width: 1px;border-bottom-width: 138px\"><\/div>\n<\/div>\n\t\t\t\t<\/div>\n\t\t\t\t<\/div>\n\t\t\t\t<div class=\"elementor-element elementor-element-8340116 elementor-widget__width-initial elementor-widget elementor-widget-carsten_core_section_title\" data-id=\"8340116\" data-element_type=\"widget\" data-e-type=\"widget\" data-widget_type=\"carsten_core_section_title.default\">\n\t\t\t\t<div class=\"elementor-widget-container\">\n\t\t\t\t\t<div class=\"qodef-shortcode qodef-m qodef-section-title qodef-alignment--center\">\n\t\t<h2 class=\"qodef-m-title\" style=\"color: #271D1D;text-transform: uppercase\">\n\t\t\t\t\tDe locatie\t\t\t<\/h2>\n\t\t<\/div>\n\t\t\t\t<\/div>\n\t\t\t\t<\/div>\n\t\t\t\t<\/div>\n\t\t<div class=\"elementor-element elementor-element-ff7af57 e-con-full e-flex e-con e-child\" data-id=\"ff7af57\" data-element_type=\"container\" data-e-type=\"container\">\n\t\t\t\t<div class=\"elementor-element elementor-element-96ef9dc elementor-widget__width-initial elementor-widget elementor-widget-carsten_core_section_title\" data-id=\"96ef9dc\" data-element_type=\"widget\" data-e-type=\"widget\" data-widget_type=\"carsten_core_section_title.default\">\n\t\t\t\t<div class=\"elementor-widget-container\">\n\t\t\t\t\t<div class=\"qodef-shortcode qodef-m qodef-section-title qodef-alignment--center\">\n\t\t\t<p class=\"qodef-m-subtitle\" style=\"color: #271D1D\">Gelegen aan de meest elegante boulevard van Doornik, bevindt Hotel ONIRO zich in een iconisch Art Deco-gebouw uit de jaren 1920. De architectuur en royale ruimtes cre\u00ebren een unieke omgeving, zowel intiem als inspirerend. Op wandelafstand van het Belfort (UNESCO), de Onze-Lieve-Vrouwekathedraal (UNESCO) en het winkelcentrum Les Bastions.<\/p>\n\t<\/div>\n\t\t\t\t<\/div>\n\t\t\t\t<\/div>\n\t\t\t\t<\/div>\n\t\t\t\t<\/div>\n\t\t\t\t<\/div>\n\t\t<div class=\"elementor-element elementor-element-769e2c8 e-con-full e-flex e-con e-parent\" data-id=\"769e2c8\" data-element_type=\"container\" data-e-type=\"container\" data-settings=\"{&quot;background_background&quot;:&quot;classic&quot;}\">\n\t\t<div class=\"elementor-element elementor-element-1a10f94 e-con-full qodef-elementor-content-grid e-flex e-con e-child\" data-id=\"1a10f94\" data-element_type=\"container\" data-e-type=\"container\">\n\t\t<div class=\"elementor-element elementor-element-4dcaeca e-con-full e-flex e-con e-child\" data-id=\"4dcaeca\" data-element_type=\"container\" data-e-type=\"container\">\n\t\t<div class=\"elementor-element elementor-element-1f6ba5f e-con-full e-flex e-con e-child\" data-id=\"1f6ba5f\" data-element_type=\"container\" data-e-type=\"container\">\n\t\t\t\t<div class=\"elementor-element elementor-element-199c99e elementor-widget elementor-widget-carsten_core_separator\" data-id=\"199c99e\" data-element_type=\"widget\" data-e-type=\"widget\" data-widget_type=\"carsten_core_separator.default\">\n\t\t\t\t<div class=\"elementor-widget-container\">\n\t\t\t\t\t<div class=\"qodef-shortcode qodef-m qodef-separator clear qodef-show--yes qodef--has-appear qodef-show-1600--yes qodef-show-1512--yes qodef-show-1368--yes qodef-show-1200--yes qodef-show-1024--yes qodef-show-880--yes qodef-show-680--yes\">\n\t<div class=\"qodef-m-line\" style=\"border-color: #C6B9B9;width: 1px;border-bottom-width: 138px\"><\/div>\n<\/div>\n\t\t\t\t<\/div>\n\t\t\t\t<\/div>\n\t\t\t\t<div class=\"elementor-element elementor-element-b9f4027 elementor-widget__width-initial elementor-widget elementor-widget-carsten_core_section_title\" data-id=\"b9f4027\" data-element_type=\"widget\" data-e-type=\"widget\" data-widget_type=\"carsten_core_section_title.default\">\n\t\t\t\t<div class=\"elementor-widget-container\">\n\t\t\t\t\t<div class=\"qodef-shortcode qodef-m qodef-section-title qodef-alignment--center\">\n\t\t<h2 class=\"qodef-m-title\" style=\"color: #FFFFFF;text-transform: uppercase\">\n\t\t\t\t\tDe attentie\t\t\t<\/h2>\n\t\t<\/div>\n\t\t\t\t<\/div>\n\t\t\t\t<\/div>\n\t\t\t\t<\/div>\n\t\t<div class=\"elementor-element elementor-element-7c0e4f3 e-con-full e-flex e-con e-child\" data-id=\"7c0e4f3\" data-element_type=\"container\" data-e-type=\"container\">\n\t\t\t\t<div class=\"elementor-element elementor-element-e7b47b9 elementor-widget__width-initial elementor-widget elementor-widget-carsten_core_section_title\" data-id=\"e7b47b9\" data-element_type=\"widget\" data-e-type=\"widget\" data-widget_type=\"carsten_core_section_title.default\">\n\t\t\t\t<div class=\"elementor-widget-container\">\n\t\t\t\t\t<div class=\"qodef-shortcode qodef-m qodef-section-title qodef-alignment--center\">\n\t\t\t<p class=\"qodef-m-subtitle\" style=\"color: #FFFFFF\">Bij aankomst geniet u van een kleine fles wijn, een aperitiefplateau van restaurant Le Greco en een welkomstdrankje. Een continentaal ontbijt is inbegrepen bij elk verblijf.<\/p>\n\t<\/div>\n\t\t\t\t<\/div>\n\t\t\t\t<\/div>\n\t\t\t\t<\/div>\n\t\t\t\t<\/div>\n\t\t<div class=\"elementor-element elementor-element-73f6f41 e-con-full e-flex e-con e-child\" data-id=\"73f6f41\" data-element_type=\"container\" data-e-type=\"container\">\n\t\t\t\t<div class=\"elementor-element elementor-element-72198a4 elementor-widget elementor-widget-image\" data-id=\"72198a4\" data-element_type=\"widget\" data-e-type=\"widget\" data-widget_type=\"image.default\">\n\t\t\t\t\t\t\t\t\t\t\t\t\t\t\t<img decoding=\"async\" width=\"518\" height=\"650\" src=\"https:\/\/www.onirotournai.com\/v3\/wp-content\/uploads\/2026\/02\/oniro-pdj-518x650.jpg\" class=\"attachment-qi_addons_for_elementor_image_size_square size-qi_addons_for_elementor_image_size_square wp-image-12529\" alt=\"\" \/>\t\t\t\t\t\t\t\t\t\t\t\t\t\t\t<\/div>\n\t\t\t\t<\/div>\n\t\t\t\t<\/div>\n\t\t\t\t<\/div>\n\t\t\t\t<\/div>","protected":false},"excerpt":{"rendered":"<p>L\u2019origine H\u00d4TEL TOURNAI oniro \u2014 du grec ancien \u03cc\u03bd\u03b5\u03b9\u03c1\u03bf\u03c2, \u00ab r\u00eave \u00bb Un nom qui r\u00e9sume l&#039;esprit de notre h\u00f4tel \u00e0 Tournai : un lieu o\u00f9 le temps ralentit, une parenth\u00e8se de s\u00e9r\u00e9nit\u00e9 au c\u0153ur de la plus ancienne ville de Belgique. Chaque d\u00e9tail est pens\u00e9 pour offrir un s\u00e9jour raffin\u00e9 et confortable, loin du [&hellip;]<\/p>\n","protected":false},"author":1,"featured_media":0,"parent":0,"menu_order":0,"comment_status":"closed","ping_status":"closed","template":"page-full-width.php","meta":{"footnotes":""},"class_list":["post-7772","page","type-page","status-publish","hentry"],"_links":{"self":[{"href":"https:\/\/www.onirotournai.com\/nl\/wp-json\/wp\/v2\/pages\/7772","targetHints":{"allow":["GET"]}}],"collection":[{"href":"https:\/\/www.onirotournai.com\/nl\/wp-json\/wp\/v2\/pages"}],"about":[{"href":"https:\/\/www.onirotournai.com\/nl\/wp-json\/wp\/v2\/types\/page"}],"author":[{"embeddable":true,"href":"https:\/\/www.onirotournai.com\/nl\/wp-json\/wp\/v2\/users\/1"}],"replies":[{"embeddable":true,"href":"https:\/\/www.onirotournai.com\/nl\/wp-json\/wp\/v2\/comments?post=7772"}],"version-history":[{"count":154,"href":"https:\/\/www.onirotournai.com\/nl\/wp-json\/wp\/v2\/pages\/7772\/revisions"}],"predecessor-version":[{"id":13561,"href":"https:\/\/www.onirotournai.com\/nl\/wp-json\/wp\/v2\/pages\/7772\/revisions\/13561"}],"wp:attachment":[{"href":"https:\/\/www.onirotournai.com\/nl\/wp-json\/wp\/v2\/media?parent=7772"}],"curies":[{"name":"wp","href":"https:\/\/api.w.org\/{rel}","templated":true}]}}