{"id":7580,"date":"2024-02-13T14:00:45","date_gmt":"2024-02-13T14:00:45","guid":{"rendered":"https:\/\/carsten.qodeinteractive.com\/?page_id=7580"},"modified":"2026-03-10T01:11:51","modified_gmt":"2026-03-10T00:11:51","slug":"toegang-contact","status":"publish","type":"page","link":"https:\/\/www.onirotournai.com\/nl\/toegang-contact\/","title":{"rendered":"Toegang &amp; Contact"},"content":{"rendered":"\t\t<div data-elementor-type=\"wp-page\" data-elementor-id=\"7580\" class=\"elementor elementor-7580\">\n\t\t\t\t<div class=\"elementor-element elementor-element-f376f03 e-con-full qodef-elementor-content-grid e-flex e-con e-parent\" data-id=\"f376f03\" data-element_type=\"container\" data-e-type=\"container\">\n\t\t<div class=\"elementor-element elementor-element-f71d74b e-con-full e-flex e-con e-child\" data-id=\"f71d74b\" data-element_type=\"container\" data-e-type=\"container\">\n\t\t<div class=\"elementor-element elementor-element-ee374f5 e-con-full e-flex e-con e-child\" data-id=\"ee374f5\" data-element_type=\"container\" data-e-type=\"container\">\n\t\t\t\t<div class=\"elementor-element elementor-element-9129dc1 elementor-widget__width-initial elementor-widget elementor-widget-carsten_core_section_title\" data-id=\"9129dc1\" data-element_type=\"widget\" data-e-type=\"widget\" data-widget_type=\"carsten_core_section_title.default\">\n\t\t\t\t<div class=\"elementor-widget-container\">\n\t\t\t\t\t<div class=\"qodef-shortcode qodef-m qodef-section-title qodef-alignment--left\">\n\t\t<h2 class=\"qodef-m-title\" style=\"text-transform: uppercase\">\n\t\t\t\t\tContact\t\t\t<\/h2>\n\t\t<\/div>\n\t\t\t\t<\/div>\n\t\t\t\t<\/div>\n\t\t\t\t<\/div>\n\t\t<div class=\"elementor-element elementor-element-46ee09b e-con-full e-flex e-con e-child\" data-id=\"46ee09b\" data-element_type=\"container\" data-e-type=\"container\">\n\t\t\t\t<div class=\"elementor-element elementor-element-f7be924 elementor-widget__width-auto elementor-widget elementor-widget-carsten_core_custom_font\" data-id=\"f7be924\" data-element_type=\"widget\" data-e-type=\"widget\" data-widget_type=\"carsten_core_custom_font.default\">\n\t\t\t\t<div class=\"elementor-widget-container\">\n\t\t\t\t\t<h5 class=\"qodef-shortcode qodef-m qodef-custom-font qodef-custom-font-328 qodef-layout--simple qodef-align--left\" >\n\tRue Fontenoy 30<br \/>7500 Tournai, Belgique<\/h5>\n\t\t\t\t<\/div>\n\t\t\t\t<\/div>\n\t\t\t\t<\/div>\n\t\t<div class=\"elementor-element elementor-element-ee14e25 e-con-full e-flex e-con e-child\" data-id=\"ee14e25\" data-element_type=\"container\" data-e-type=\"container\">\n\t\t\t\t<div class=\"elementor-element elementor-element-35dfb0f elementor-widget__width-auto qode--has-custom-underline elementor-widget elementor-widget-carsten_core_custom_font\" data-id=\"35dfb0f\" data-element_type=\"widget\" data-e-type=\"widget\" data-widget_type=\"carsten_core_custom_font.default\">\n\t\t\t\t<div class=\"elementor-widget-container\">\n\t\t\t\t\t<h5 class=\"qodef-shortcode qodef-m qodef-custom-font qodef-custom-font-386 qodef-layout--simple qodef-align--left\" >\n\t<a href=\"mailto:info@onirotournai.com\">info@onirotournai.com<\/a><br \/>\n<a href=\"tel:+3269301489\">+32 69 30 14 89<\/a>\n<\/h5>\n\t\t\t\t<\/div>\n\t\t\t\t<\/div>\n\t\t\t\t<\/div>\n\t\t<div class=\"elementor-element elementor-element-864fed0 e-con-full e-flex e-con e-child\" data-id=\"864fed0\" data-element_type=\"container\" data-e-type=\"container\">\n\t\t\t\t<div class=\"elementor-element elementor-element-57831ca elementor-widget__width-auto qode--has-custom-underline elementor-widget elementor-widget-carsten_core_custom_font\" data-id=\"57831ca\" data-element_type=\"widget\" data-e-type=\"widget\" data-widget_type=\"carsten_core_custom_font.default\">\n\t\t\t\t<div class=\"elementor-widget-container\">\n\t\t\t\t\t<h5 class=\"qodef-shortcode qodef-m qodef-custom-font qodef-custom-font-781 qodef-layout--simple qodef-align--left\" >\n\tArriv\u00e9e : \u00e0 partir de 15h00<br \/>\nD\u00e9part : jusqu'\u00e0 11h00<\/h5>\n\t\t\t\t<\/div>\n\t\t\t\t<\/div>\n\t\t\t\t<\/div>\n\t\t<div class=\"elementor-element elementor-element-4626919 e-con-full e-flex e-con e-child\" data-id=\"4626919\" data-element_type=\"container\" data-e-type=\"container\" data-settings=\"{&quot;background_background&quot;:&quot;classic&quot;}\">\n\t\t\t\t<div class=\"elementor-element elementor-element-1f14979 elementor-widget elementor-widget-carsten_core_google_map\" data-id=\"1f14979\" data-element_type=\"widget\" data-e-type=\"widget\" data-widget_type=\"carsten_core_google_map.default\">\n\t\t\t\t<div class=\"elementor-widget-container\">\n\t\t\t\t\t<div class=\"qodef-shortcode qodef-m qodef-google-map\">\n\t<div class=\"qodef-m-map\" id=\"qodef-map-id--369\" data-addresses='[\"Rue Fontenoy 30, 7500 Tournai, Belgique\"]' data-pin=https:\/\/www.onirotournai.com\/v3\/wp-content\/plugins\/carsten-core\/inc\/maps\/assets\/img\/pin.png data-unique-id=369 data-height=416><\/div>\n<\/div>\n\t\t\t\t<\/div>\n\t\t\t\t<\/div>\n\t\t\t\t<div class=\"elementor-element elementor-element-a8140c2 elementor-widget__width-initial elementor-widget elementor-widget-carsten_core_section_title\" data-id=\"a8140c2\" data-element_type=\"widget\" data-e-type=\"widget\" data-widget_type=\"carsten_core_section_title.default\">\n\t\t\t\t<div class=\"elementor-widget-container\">\n\t\t\t\t\t<div class=\"qodef-shortcode qodef-m qodef-section-title qodef-alignment--left\">\n\t\t<h2 class=\"qodef-m-title\" style=\"text-transform: uppercase\">\n\t\t\t\t\tAcc\u00e8s\t\t\t<\/h2>\n\t\t<\/div>\n\t\t\t\t<\/div>\n\t\t\t\t<\/div>\n\t\t\t\t<div class=\"elementor-element elementor-element-3538dd2 elementor-widget__width-auto qode--has-custom-underline elementor-widget elementor-widget-carsten_core_custom_font\" data-id=\"3538dd2\" data-element_type=\"widget\" data-e-type=\"widget\" data-widget_type=\"carsten_core_custom_font.default\">\n\t\t\t\t<div class=\"elementor-widget-container\">\n\t\t\t\t\t<h5 class=\"qodef-shortcode qodef-m qodef-custom-font qodef-custom-font-842 qodef-layout--simple qodef-align--left\" >\n\tEn voiture : Depuis Lille (30 min) ou Bruxelles (1h)<br \/>Stationnement gratuit \u00e0 proximit\u00e9<br \/>\nEn train : Gare de Tournai \u00e0 1,6 km<br \/>\nBorne de recharge disponible (0,39 \u20ac\/kWh)<\/h5>\n\t\t\t\t<\/div>\n\t\t\t\t<\/div>\n\t\t\t\t<\/div>\n\t\t\t\t<\/div>\n\t\t<div class=\"elementor-element elementor-element-1dc0a03 e-con-full e-flex e-con e-child\" data-id=\"1dc0a03\" data-element_type=\"container\" data-e-type=\"container\">\n\t\t\t\t<div class=\"elementor-element elementor-element-a1254a7 elementor-widget elementor-widget-carsten_core_section_title\" data-id=\"a1254a7\" data-element_type=\"widget\" data-e-type=\"widget\" data-widget_type=\"carsten_core_section_title.default\">\n\t\t\t\t<div class=\"elementor-widget-container\">\n\t\t\t\t\t<div class=\"qodef-shortcode qodef-m qodef-section-title qodef-alignment--left\">\n\t\t<h4 class=\"qodef-m-title\" >\n\t\t\t\t\tUne question ?\t\t\t<\/h4>\n\t\t\t<p class=\"qodef-m-text\" style=\"margin-top: 12px\">Consultez notre FAQ pour les questions fr\u00e9quentes. Sinon, \u00e9crivez-nous et nous vous r\u00e9pondons rapidement.<\/p>\n<\/div>\n\t\t\t\t<\/div>\n\t\t\t\t<\/div>\n\t\t\t\t<div class=\"elementor-element elementor-element-e846d2c elementor-widget elementor-widget-wp-widget-carsten_core_contact_form_7\" data-id=\"e846d2c\" data-element_type=\"widget\" data-e-type=\"widget\" data-widget_type=\"wp-widget-carsten_core_contact_form_7.default\">\n\t\t\t\t<div class=\"elementor-widget-container\">\n\t\t\t\t\t\t\t\t<div class=\"qodef-contact-form-7\">\n\t\t\t\t\n<div class=\"wpcf7 no-js\" id=\"wpcf7-f12271-o1\" lang=\"en-US\" dir=\"ltr\" data-wpcf7-id=\"12271\">\n<div class=\"screen-reader-response\"><p role=\"status\" aria-live=\"polite\" aria-atomic=\"true\"><\/p> <ul><\/ul><\/div>\n<form action=\"\/nl\/wp-json\/wp\/v2\/pages\/7580#wpcf7-f12271-o1\" method=\"post\" class=\"wpcf7-form init\" aria-label=\"Contact form\" novalidate=\"novalidate\" data-status=\"init\">\n<fieldset class=\"hidden-fields-container\"><input type=\"hidden\" name=\"_wpcf7\" value=\"12271\" \/><input type=\"hidden\" name=\"_wpcf7_version\" value=\"6.1.4\" \/><input type=\"hidden\" name=\"_wpcf7_locale\" value=\"en_US\" \/><input type=\"hidden\" name=\"_wpcf7_unit_tag\" value=\"wpcf7-f12271-o1\" \/><input type=\"hidden\" name=\"_wpcf7_container_post\" value=\"0\" \/><input type=\"hidden\" name=\"_wpcf7_posted_data_hash\" value=\"\" \/><input type=\"hidden\" name=\"_wpcf7_recaptcha_response\" value=\"\" \/>\n<\/fieldset>\n<span class=\"wpcf7-form-control-wrap\" data-name=\"your-name\"><input size=\"40\" maxlength=\"400\" class=\"wpcf7-form-control wpcf7-text wpcf7-validates-as-required\" aria-required=\"true\" aria-invalid=\"false\" placeholder=\"Votre nom\" value=\"\" type=\"text\" name=\"your-name\" \/><\/span>\n<span class=\"wpcf7-form-control-wrap\" data-name=\"your-email\"><input size=\"40\" maxlength=\"400\" class=\"wpcf7-form-control wpcf7-email wpcf7-validates-as-required wpcf7-text wpcf7-validates-as-email\" aria-required=\"true\" aria-invalid=\"false\" placeholder=\"E-mail\" value=\"\" type=\"email\" name=\"your-email\" \/><\/span>\n<span class=\"wpcf7-form-control-wrap\" data-name=\"your-phone\"><input size=\"40\" maxlength=\"400\" class=\"wpcf7-form-control wpcf7-tel wpcf7-text wpcf7-validates-as-tel\" aria-invalid=\"false\" placeholder=\"T\u00e9l\u00e9phone\" value=\"\" type=\"tel\" name=\"your-phone\" \/><\/span>\n<span class=\"wpcf7-form-control-wrap\" data-name=\"your-subject\"><input size=\"40\" maxlength=\"400\" class=\"wpcf7-form-control wpcf7-text wpcf7-validates-as-required\" aria-required=\"true\" aria-invalid=\"false\" placeholder=\"Objet de la demande\" value=\"\" type=\"text\" name=\"your-subject\" \/><\/span>\n<span class=\"wpcf7-form-control-wrap\" data-name=\"your-message\"><textarea cols=\"40\" rows=\"7\" maxlength=\"2000\" class=\"wpcf7-form-control wpcf7-textarea qodef-custom-form-field\" aria-invalid=\"false\" placeholder=\"Votre message...\" name=\"your-message\"><\/textarea><\/span>\n<span class=\"wpcf7-form-control-wrap\" data-name=\"your-acceptance\"><span class=\"wpcf7-form-control wpcf7-acceptance\"><span class=\"wpcf7-list-item\"><label><input type=\"checkbox\" name=\"your-acceptance\" value=\"1\" aria-invalid=\"false\" \/><span class=\"wpcf7-list-item-label\">J'accepte que les donn\u00e9es saisies soient enregistr\u00e9es et envoy\u00e9es pour traiter ma demande. *<\/span><\/label><\/span><\/span><\/span>\n\n<p class=\"form-notice\">Vous disposez d'un droit de rectification via info@onirotournai.com. <a href=\"\/v3\/mentions-legales\/\">Mentions l\u00e9gales<\/a>.<br>\nCe site est prot\u00e9g\u00e9 par reCAPTCHA. <a href=\"https:\/\/policies.google.com\/privacy\" target=\"_blank\" rel=\"noopener\">Confidentialit\u00e9<\/a> et <a href=\"https:\/\/policies.google.com\/terms\" target=\"_blank\" rel=\"noopener\">Conditions<\/a> Google.<\/p>\n<button class=\"wpcf7-form-control wpcf7-submit qodef-button qodef-size--normal qodef-layout--filled qodef-m\" type=\"submit\"><span class=\"qodef-m-text\">Envoyer ma demande<\/span><\/button><div class=\"wpcf7-response-output\" aria-hidden=\"true\"><\/div>\n<\/form>\n<\/div>\n\t\t\t<\/div>\n\t\t\t\t\t\t\t<\/div>\n\t\t\t\t<\/div>\n\t\t\t\t<\/div>\n\t\t\t\t<\/div>\n\t\t\t\t<\/div>\n\t\t","protected":false},"excerpt":{"rendered":"<p>Contact Rue Fontenoy 307500 Tournai, Belgique info@onirotournai.com +32 69 30 14 89 Arriv\u00e9e : \u00e0 partir de 15h00 D\u00e9part : jusqu&rsquo;\u00e0 11h00 Acc\u00e8s En voiture : Depuis Lille (30 min) ou Bruxelles (1h)Stationnement gratuit \u00e0 proximit\u00e9 En train : Gare de Tournai \u00e0 1,6 km Borne de recharge disponible (0,39 \u20ac\/kWh) Une question ? Consultez [&hellip;]<\/p>\n","protected":false},"author":1,"featured_media":0,"parent":0,"menu_order":0,"comment_status":"closed","ping_status":"closed","template":"page-full-width.php","meta":{"footnotes":""},"class_list":["post-7580","page","type-page","status-publish","hentry"],"_links":{"self":[{"href":"https:\/\/www.onirotournai.com\/nl\/wp-json\/wp\/v2\/pages\/7580","targetHints":{"allow":["GET"]}}],"collection":[{"href":"https:\/\/www.onirotournai.com\/nl\/wp-json\/wp\/v2\/pages"}],"about":[{"href":"https:\/\/www.onirotournai.com\/nl\/wp-json\/wp\/v2\/types\/page"}],"author":[{"embeddable":true,"href":"https:\/\/www.onirotournai.com\/nl\/wp-json\/wp\/v2\/users\/1"}],"replies":[{"embeddable":true,"href":"https:\/\/www.onirotournai.com\/nl\/wp-json\/wp\/v2\/comments?post=7580"}],"version-history":[{"count":34,"href":"https:\/\/www.onirotournai.com\/nl\/wp-json\/wp\/v2\/pages\/7580\/revisions"}],"predecessor-version":[{"id":13573,"href":"https:\/\/www.onirotournai.com\/nl\/wp-json\/wp\/v2\/pages\/7580\/revisions\/13573"}],"wp:attachment":[{"href":"https:\/\/www.onirotournai.com\/nl\/wp-json\/wp\/v2\/media?parent=7580"}],"curies":[{"name":"wp","href":"https:\/\/api.w.org\/{rel}","templated":true}]}}