{"id":7372,"date":"2024-02-13T09:49:31","date_gmt":"2024-02-13T09:49:31","guid":{"rendered":"https:\/\/carsten.qodeinteractive.com\/?page_id=7372"},"modified":"2026-03-10T01:34:48","modified_gmt":"2026-03-10T00:34:48","slug":"faq","status":"publish","type":"page","link":"https:\/\/www.onirotournai.com\/nl\/faq\/","title":{"rendered":"FAQ"},"content":{"rendered":"<div data-elementor-type=\"wp-page\" data-elementor-id=\"7372\" class=\"elementor elementor-7372\">\n\t\t\t\t<div class=\"elementor-element elementor-element-638779f e-con-full e-flex e-con e-parent\" data-id=\"638779f\" data-element_type=\"container\" data-e-type=\"container\">\n\t\t<div class=\"elementor-element elementor-element-bb2b35d e-con-full qodef-elementor-content-grid e-flex e-con e-child\" data-id=\"bb2b35d\" data-element_type=\"container\" data-e-type=\"container\">\n\t\t<div class=\"elementor-element elementor-element-cfe784b e-con-full e-flex e-con e-child\" data-id=\"cfe784b\" data-element_type=\"container\" data-e-type=\"container\">\n\t\t\t\t<div class=\"elementor-element elementor-element-088b803 elementor-widget elementor-widget-carsten_core_single_image\" data-id=\"088b803\" data-element_type=\"widget\" data-e-type=\"widget\" data-widget_type=\"carsten_core_single_image.default\">\n\t\t\t\t<div class=\"elementor-widget-container\">\n\t\t\t\t\t<div class=\"qodef-shortcode qodef-m qodef-single-image qodef-layout--default\"  >\n\t\t\t<div class=\"qodef-m-image\">\n\t\t\t\t\t\t\t\t<div class=\"qodef-m-image-inner-holder\">\n\t\t\t\t\t\t<div class=\"qodef-m-image-inner\">\n\t\t\t\t\t\t\t<img fetchpriority=\"high\" decoding=\"async\" width=\"1440\" height=\"1800\" src=\"https:\/\/www.onirotournai.com\/v3\/wp-content\/uploads\/2026\/02\/oniro-salon.jpg\" class=\"attachment-full size-full\" alt=\"\" srcset=\"https:\/\/www.onirotournai.com\/v3\/wp-content\/uploads\/2026\/02\/oniro-salon.jpg 1440w, https:\/\/www.onirotournai.com\/v3\/wp-content\/uploads\/2026\/02\/oniro-salon-240x300.jpg 240w, https:\/\/www.onirotournai.com\/v3\/wp-content\/uploads\/2026\/02\/oniro-salon-819x1024.jpg 819w, https:\/\/www.onirotournai.com\/v3\/wp-content\/uploads\/2026\/02\/oniro-salon-768x960.jpg 768w, https:\/\/www.onirotournai.com\/v3\/wp-content\/uploads\/2026\/02\/oniro-salon-1229x1536.jpg 1229w\" sizes=\"(max-width: 1440px) 100vw, 1440px\" \/>\t\t\t\t\t\t<\/div>\n\t\t\t\t\t<\/div>\n\t\t\t\t\t\t\t<\/div>\n\t<\/div>\n\t\t\t\t<\/div>\n\t\t\t\t<\/div>\n\t\t\t\t<div class=\"elementor-element elementor-element-160afa3 elementor-widget elementor-widget-carsten_core_section_title\" data-id=\"160afa3\" data-element_type=\"widget\" data-e-type=\"widget\" data-widget_type=\"carsten_core_section_title.default\">\n\t\t\t\t<div class=\"elementor-widget-container\">\n\t\t\t\t\t<div class=\"qodef-shortcode qodef-m qodef-section-title qodef-alignment--left\">\n\t\t<h5 class=\"qodef-m-title\" style=\"color: #091733\">\n\t\t\t\t\tFAQ hotel Doornik\t\t\t<\/h5>\n\t\t\t<p class=\"qodef-m-text\" style=\"margin-top: 7px\">Hier vindt u de antwoorden op de meest gestelde vragen over Hotel ONIRO.\n<\/p>\n<\/div>\n\t\t\t\t<\/div>\n\t\t\t\t<\/div>\n\t\t\t\t<\/div>\n\t\t<div class=\"elementor-element elementor-element-9c085fc e-con-full e-flex e-con e-child\" data-id=\"9c085fc\" data-element_type=\"container\" data-e-type=\"container\">\n\t\t\t\t<div class=\"elementor-element elementor-element-e4aba5d elementor-widget elementor-widget-carsten_core_accordion\" data-id=\"e4aba5d\" data-element_type=\"widget\" data-e-type=\"widget\" data-widget_type=\"carsten_core_accordion.default\">\n\t\t\t\t<div class=\"elementor-widget-container\">\n\t\t\t\t\t<div class=\"qodef-shortcode qodef-m qodef-accordion clear qodef-behavior--toggle qodef-layout--simple\">\n\t<h5 class=\"qodef-accordion-title\">\n\t<span class=\"qodef-tab-title\">Is Hotel ONIRO in het stadscentrum gelegen?<\/span>\n\t<span class=\"qodef-accordion-mark\">\n\t\t<span class=\"qodef-icon--plus\"><\/span>\n\t\t<span class=\"qodef-icon--minus\"><\/span>\n\t<\/span>\n<\/h5>\n<div class=\"qodef-accordion-content\">\n\t<div class=\"qodef-accordion-content-inner\">\n\t\tHotel ONIRO ligt aan de Rue Fontenoy 30, op ongeveer 13 minuten wandelen van de Grote Markt van Doornik. Onze ligging maakt het gemakkelijk om het Belfort (UNESCO), de Onze-Lieve-Vrouwekathedraal (UNESCO), de musea van de stad en het winkelcentrum Les Bastions te ontdekken voor uw shoppingmomenten.\t<\/div>\n<\/div>\n<h5 class=\"qodef-accordion-title\">\n\t<span class=\"qodef-tab-title\">Is parkeren gratis in de buurt van Hotel ONIRO?<\/span>\n\t<span class=\"qodef-accordion-mark\">\n\t\t<span class=\"qodef-icon--plus\"><\/span>\n\t\t<span class=\"qodef-icon--minus\"><\/span>\n\t<\/span>\n<\/h5>\n<div class=\"qodef-accordion-content\">\n\t<div class=\"qodef-accordion-content-inner\">\n\t\tJa, er zijn verschillende gratis parkeermogelijkheden in de buurt:\n<br\/><br\/>\n<ul>\n \t<li>Rue Fontenoy: Gratis parkeren van 17:00 tot 09:00. Overdag is het een blauwe zone (parkeerschijf verplicht, maximaal 2 uur). In het weekend is parkeren volledig gratis van zaterdag 12:30 tot maandag 09:00.<\/li>\n<br\/>\n \t<li>Rue du Chantier: Op enkele meters van het hotel, gratis parkeerplaatsen zonder tijdsbeperking.<\/li>\n<\/ul>\t<\/div>\n<\/div>\n<h5 class=\"qodef-accordion-title\">\n\t<span class=\"qodef-tab-title\">Heeft u een laadpaal voor elektrische voertuigen?<\/span>\n\t<span class=\"qodef-accordion-mark\">\n\t\t<span class=\"qodef-icon--plus\"><\/span>\n\t\t<span class=\"qodef-icon--minus\"><\/span>\n\t<\/span>\n<\/h5>\n<div class=\"qodef-accordion-content\">\n\t<div class=\"qodef-accordion-content-inner\">\n\t\tJa, er is een laadpaal beschikbaar ter plaatse (\u20ac0,39\/kWh). Gelieve ons hiervan op de hoogte te brengen bij uw reservering.\t<\/div>\n<\/div>\n<h5 class=\"qodef-accordion-title\">\n\t<span class=\"qodef-tab-title\">Kan ik mijn fiets veilig parkeren bij Hotel ONIRO?<\/span>\n\t<span class=\"qodef-accordion-mark\">\n\t\t<span class=\"qodef-icon--plus\"><\/span>\n\t\t<span class=\"qodef-icon--minus\"><\/span>\n\t<\/span>\n<\/h5>\n<div class=\"qodef-accordion-content\">\n\t<div class=\"qodef-accordion-content-inner\">\n\t\t<p>Ja. Hotel ONIRO beschikt over een beveiligde garage die speciaal is voorzien voor het parkeren van fietsen, zodat u zorgeloos van uw verblijf kunt genieten.<\/p>\t<\/div>\n<\/div>\n<h5 class=\"qodef-accordion-title\">\n\t<span class=\"qodef-tab-title\">Wat zijn de in- en uitchecktijden?<\/span>\n\t<span class=\"qodef-accordion-mark\">\n\t\t<span class=\"qodef-icon--plus\"><\/span>\n\t\t<span class=\"qodef-icon--minus\"><\/span>\n\t<\/span>\n<\/h5>\n<div class=\"qodef-accordion-content\">\n\t<div class=\"qodef-accordion-content-inner\">\n\t\t<ul><li>Inchecken: vanaf 15:00<\/li><li>Uitchecken: tot 11:00<\/li><\/ul>\t<\/div>\n<\/div>\n<h5 class=\"qodef-accordion-title\">\n\t<span class=\"qodef-tab-title\">Hoeveel accommodaties heeft Hotel ONIRO?<\/span>\n\t<span class=\"qodef-accordion-mark\">\n\t\t<span class=\"qodef-icon--plus\"><\/span>\n\t\t<span class=\"qodef-icon--minus\"><\/span>\n\t<\/span>\n<\/h5>\n<div class=\"qodef-accordion-content\">\n\t<div class=\"qodef-accordion-content-inner\">\n\t\t<p>Hotel ONIRO beschikt over 6 accommodaties, allemaal voorzien van airconditioning en volledig uitgerust:<br \/><br \/><\/p><ul><li>2 suites met priv\u00e9spa (Utopia en Wellness)<\/li><li>4 luxekamers (Hypnos, Hermes, Morpheas, Eros)<\/li><\/ul>\t<\/div>\n<\/div>\n<h5 class=\"qodef-accordion-title\">\n\t<span class=\"qodef-tab-title\">Hebben alle accommodaties een priv\u00e9spa?<\/span>\n\t<span class=\"qodef-accordion-mark\">\n\t\t<span class=\"qodef-icon--plus\"><\/span>\n\t\t<span class=\"qodef-icon--minus\"><\/span>\n\t<\/span>\n<\/h5>\n<div class=\"qodef-accordion-content\">\n\t<div class=\"qodef-accordion-content-inner\">\n\t\t<p>Nee. Alleen onze 2 suites (Utopia en Wellness) beschikken over een priv\u00e9spa met jacuzzi. De kamer Morpheas beschikt over een bubbelbad, maar zonder toegang tot de spa-faciliteiten van de suites.<\/p>\t<\/div>\n<\/div>\n<h5 class=\"qodef-accordion-title\">\n\t<span class=\"qodef-tab-title\">Wat is de maximale capaciteit per accommodatie?<\/span>\n\t<span class=\"qodef-accordion-mark\">\n\t\t<span class=\"qodef-icon--plus\"><\/span>\n\t\t<span class=\"qodef-icon--minus\"><\/span>\n\t<\/span>\n<\/h5>\n<div class=\"qodef-accordion-content\">\n\t<div class=\"qodef-accordion-content-inner\">\n\t\t<p>Elke accommodatie is ontworpen voor maximaal 2 personen om comfort, rust en privacy te garanderen.<\/p>\t<\/div>\n<\/div>\n<h5 class=\"qodef-accordion-title\">\n\t<span class=\"qodef-tab-title\">Is ontbijt inbegrepen?<\/span>\n\t<span class=\"qodef-accordion-mark\">\n\t\t<span class=\"qodef-icon--plus\"><\/span>\n\t\t<span class=\"qodef-icon--minus\"><\/span>\n\t<\/span>\n<\/h5>\n<div class=\"qodef-accordion-content\">\n\t<div class=\"qodef-accordion-content-inner\">\n\t\t<p>Ja, een continentaal ontbijt is inbegrepen in al onze kamers en suites. Het wordt geserveerd tussen 07:00 en 10:00, op de kamer of in onze ontvangstsalon.<\/p>\t<\/div>\n<\/div>\n<h5 class=\"qodef-accordion-title\">\n\t<span class=\"qodef-tab-title\">Biedt u vegetarische of glutenvrije ontbijten aan?<\/span>\n\t<span class=\"qodef-accordion-mark\">\n\t\t<span class=\"qodef-icon--plus\"><\/span>\n\t\t<span class=\"qodef-icon--minus\"><\/span>\n\t<\/span>\n<\/h5>\n<div class=\"qodef-accordion-content\">\n\t<div class=\"qodef-accordion-content-inner\">\n\t\t<p>Ja, vegetarische, veganistische en glutenvrije opties zijn beschikbaar. Gelieve dit bij uw reservering te vermelden.<\/p>\t<\/div>\n<\/div>\n<h5 class=\"qodef-accordion-title\">\n\t<span class=\"qodef-tab-title\">Is er een restaurant?<\/span>\n\t<span class=\"qodef-accordion-mark\">\n\t\t<span class=\"qodef-icon--plus\"><\/span>\n\t\t<span class=\"qodef-icon--minus\"><\/span>\n\t<\/span>\n<\/h5>\n<div class=\"qodef-accordion-content\">\n\t<div class=\"qodef-accordion-content-inner\">\n\t\t<p>Wij zijn eigenaar van restaurant Le Greco, dat op 3 minuten rijden ligt.<\/p><ul><li>Open op maandagavond en van woensdag tot en met zaterdagavond.<\/li><li>Wij kunnen een tafel voor u reserveren of een levering op de kamer organiseren.<\/li><\/ul>\t<\/div>\n<\/div>\n<h5 class=\"qodef-accordion-title\">\n\t<span class=\"qodef-tab-title\">Heeft u kamers met aparte bedden?<\/span>\n\t<span class=\"qodef-accordion-mark\">\n\t\t<span class=\"qodef-icon--plus\"><\/span>\n\t\t<span class=\"qodef-icon--minus\"><\/span>\n\t<\/span>\n<\/h5>\n<div class=\"qodef-accordion-content\">\n\t<div class=\"qodef-accordion-content-inner\">\n\t\t<p>Nee, al onze kamers en suites beschikken over een Queen Size tweepersoonsbed. Wij bieden geen aparte bedden aan.<\/p>\t<\/div>\n<\/div>\n<h5 class=\"qodef-accordion-title\">\n\t<span class=\"qodef-tab-title\">Is wifi gratis?<\/span>\n\t<span class=\"qodef-accordion-mark\">\n\t\t<span class=\"qodef-icon--plus\"><\/span>\n\t\t<span class=\"qodef-icon--minus\"><\/span>\n\t<\/span>\n<\/h5>\n<div class=\"qodef-accordion-content\">\n\t<div class=\"qodef-accordion-content-inner\">\n\t\tJa, snelle wifi is gratis beschikbaar in het hele hotel.\n\t<\/div>\n<\/div>\n<h5 class=\"qodef-accordion-title\">\n\t<span class=\"qodef-tab-title\">Zijn de kamers rookvrij?<\/span>\n\t<span class=\"qodef-accordion-mark\">\n\t\t<span class=\"qodef-icon--plus\"><\/span>\n\t\t<span class=\"qodef-icon--minus\"><\/span>\n\t<\/span>\n<\/h5>\n<div class=\"qodef-accordion-content\">\n\t<div class=\"qodef-accordion-content-inner\">\n\t\tJa, Hotel ONIRO is een volledig rookvrij hotel.\t<\/div>\n<\/div>\n<h5 class=\"qodef-accordion-title\">\n\t<span class=\"qodef-tab-title\">Heeft het hotel een lift en is het toegankelijk voor personen met beperkte mobiliteit?<\/span>\n\t<span class=\"qodef-accordion-mark\">\n\t\t<span class=\"qodef-icon--plus\"><\/span>\n\t\t<span class=\"qodef-icon--minus\"><\/span>\n\t<\/span>\n<\/h5>\n<div class=\"qodef-accordion-content\">\n\t<div class=\"qodef-accordion-content-inner\">\n\t\t<p>Hotel ONIRO beschikt helaas niet over een lift of specifieke voorzieningen die volledige toegankelijkheid voor personen met beperkte mobiliteit mogelijk maken.<\/p><p class=\"translation-block\">De Wellness Suite op de begane grond is wel het gemakkelijkst toegankelijk, hoewel er enkele treden zijn naar de jacuzzi.<\/p>\t<\/div>\n<\/div>\n<h5 class=\"qodef-accordion-title\">\n\t<span class=\"qodef-tab-title\">Biedt u bagageopslag aan?<\/span>\n\t<span class=\"qodef-accordion-mark\">\n\t\t<span class=\"qodef-icon--plus\"><\/span>\n\t\t<span class=\"qodef-icon--minus\"><\/span>\n\t<\/span>\n<\/h5>\n<div class=\"qodef-accordion-content\">\n\t<div class=\"qodef-accordion-content-inner\">\n\t\tJa, ons hotel beschikt over een bagageopslag waar u uw bagage v\u00f3\u00f3r aankomst of na vertrek kunt achterlaten. Deze service is uitsluitend voor hotelgasten.\t<\/div>\n<\/div>\n<h5 class=\"qodef-accordion-title\">\n\t<span class=\"qodef-tab-title\">Zijn huisdieren toegestaan?<\/span>\n\t<span class=\"qodef-accordion-mark\">\n\t\t<span class=\"qodef-icon--plus\"><\/span>\n\t\t<span class=\"qodef-icon--minus\"><\/span>\n\t<\/span>\n<\/h5>\n<div class=\"qodef-accordion-content\">\n\t<div class=\"qodef-accordion-content-inner\">\n\t\t<p>Nee. Volgens ons huisreglement zijn huisdieren niet toegestaan in het hotel.<\/p>\t<\/div>\n<\/div>\n<h5 class=\"qodef-accordion-title\">\n\t<span class=\"qodef-tab-title\">Hoe bereikt u het hotel vanaf het station van Doornik?<\/span>\n\t<span class=\"qodef-accordion-mark\">\n\t\t<span class=\"qodef-icon--plus\"><\/span>\n\t\t<span class=\"qodef-icon--minus\"><\/span>\n\t<\/span>\n<\/h5>\n<div class=\"qodef-accordion-content\">\n\t<div class=\"qodef-accordion-content-inner\">\n\t\t<p>Het station van Doornik ligt op 1,6 km van het hotel (ongeveer 20 minuten wandelen). Wij bieden een gratis shuttleservice van en naar het station. Gelieve uw aankomsttijd bij uw reservering door te geven.<\/p>\t<\/div>\n<\/div>\n<\/div>\n\t\t\t\t<\/div>\n\t\t\t\t<\/div>\n\t\t\t\t<\/div>\n\t\t\t\t<\/div>\n\t\t\t\t<\/div>\n\t\t\t\t<\/div>","protected":false},"excerpt":{"rendered":"<p>FAQ h\u00f4tel Tournai Retrouvez ici les r\u00e9ponses aux questions les plus fr\u00e9quentes sur l&#039;H\u00f4tel ONIRO. L&#039;H\u00f4tel ONIRO est-il situ\u00e9 en centre-ville ? L&rsquo;H\u00f4tel ONIRO est situ\u00e9 Rue Fontenoy 30, \u00e0 environ 13 minutes \u00e0 pied de la Grand&rsquo;Place de Tournai. Notre emplacement vous permet de d\u00e9couvrir facilement le Beffroi (UNESCO), la Cath\u00e9drale Notre-Dame (UNESCO), les [&hellip;]<\/p>\n","protected":false},"author":1,"featured_media":0,"parent":0,"menu_order":0,"comment_status":"closed","ping_status":"closed","template":"page-full-width.php","meta":{"footnotes":""},"class_list":["post-7372","page","type-page","status-publish","hentry"],"_links":{"self":[{"href":"https:\/\/www.onirotournai.com\/nl\/wp-json\/wp\/v2\/pages\/7372","targetHints":{"allow":["GET"]}}],"collection":[{"href":"https:\/\/www.onirotournai.com\/nl\/wp-json\/wp\/v2\/pages"}],"about":[{"href":"https:\/\/www.onirotournai.com\/nl\/wp-json\/wp\/v2\/types\/page"}],"author":[{"embeddable":true,"href":"https:\/\/www.onirotournai.com\/nl\/wp-json\/wp\/v2\/users\/1"}],"replies":[{"embeddable":true,"href":"https:\/\/www.onirotournai.com\/nl\/wp-json\/wp\/v2\/comments?post=7372"}],"version-history":[{"count":25,"href":"https:\/\/www.onirotournai.com\/nl\/wp-json\/wp\/v2\/pages\/7372\/revisions"}],"predecessor-version":[{"id":13603,"href":"https:\/\/www.onirotournai.com\/nl\/wp-json\/wp\/v2\/pages\/7372\/revisions\/13603"}],"wp:attachment":[{"href":"https:\/\/www.onirotournai.com\/nl\/wp-json\/wp\/v2\/media?parent=7372"}],"curies":[{"name":"wp","href":"https:\/\/api.w.org\/{rel}","templated":true}]}}