{"id":13442,"date":"2026-02-23T22:21:13","date_gmt":"2026-02-23T21:21:13","guid":{"rendered":"https:\/\/www.onirotournai.com\/v3\/?page_id=13442"},"modified":"2026-03-10T01:28:13","modified_gmt":"2026-03-10T00:28:13","slug":"guide","status":"publish","type":"page","link":"https:\/\/www.onirotournai.com\/nl\/guide\/","title":{"rendered":"Guide"},"content":{"rendered":"<h1 class=\"wp-block-heading\">Guide du s\u00e9jour<\/h1>\n\n\n\n<h2 class=\"wp-block-heading\">Bienvenue<\/h2>\n\n\n\n<p>Chers Clients,<\/p>\n\n\n\n<p>C&rsquo;est un plaisir pour nous de pouvoir vous accueillir \u00e0 l&rsquo;H\u00f4tel ONIRO.<\/p>\n\n\n\n<h2 class=\"wp-block-heading\">R\u00e9ception<\/h2>\n\n\n\n<p>La r\u00e9ception se tient \u00e0 votre disposition \u00e0 tout moment via le num\u00e9ro de t\u00e9l\u00e9phone affich\u00e9 dans la chambre : <a href=\"tel:+32473947733\">+32 473 94 77 33<\/a><\/p>\n\n\n\n<p>La carte d&rsquo;acc\u00e8s permet d&rsquo;acc\u00e9der \u00e0 toute heure \u00e0 l&rsquo;\u00e9tablissement ainsi qu&rsquo;\u00e0 votre chambre. Un coffre-fort est disponible pour vos effets personnels.<\/p>\n\n\n\n<h2 class=\"wp-block-heading\">Arriv\u00e9e &#038; D\u00e9part<\/h2>\n\n\n\n<p class=\"translation-block\"><strong>Check-in :<\/strong> \u00e0 partir de 15h00<br><strong>Check-out :<\/strong> jusqu\u2019\u00e0 11h00<\/p>\n\n\n\n<p>La loi nous impose de proc\u00e9der \u00e0 votre enregistrement avec un passeport ou une carte d&rsquo;identit\u00e9 valide.<\/p>\n\n\n\n<h2 class=\"wp-block-heading\">Occupation des chambres<\/h2>\n\n\n\n<p>Nos chambres et suites sont con\u00e7ues pour accueillir 2 personnes maximum, afin de garantir confort et intimit\u00e9.<\/p>\n\n\n\n<h2 class=\"wp-block-heading\">\u00c9tablissement non-fumeur<\/h2>\n\n\n\n<p>En application de la loi en vigueur, l&rsquo;ensemble de l&rsquo;\u00e9tablissement est non-fumeur. Il est possible de fumer \u00e0 l&rsquo;ext\u00e9rieur.<\/p>\n\n\n\n<p>Les d\u00e9tecteurs de fum\u00e9e sont sensibles afin de garantir votre s\u00e9curit\u00e9. En cas de non-respect, des frais de nettoyage de 150 \u20ac seront appliqu\u00e9s.<\/p>\n\n\n\n<h2 class=\"wp-block-heading\">Services m\u00e9dicaux &#038; Urgences<\/h2>\n\n\n\n<p><strong>H\u00f4pital :<\/strong> CHwapi (Centre Hospitalier de Wallonie picarde) \u00e0 900 m\u00e8tres<br><a href=\"https:\/\/www.chwapi.be\/services-medicaux\/urgences\/\" target=\"_blank\" rel=\"noopener\">www.chwapi.be\/services-medicaux\/urgences<\/a><\/p>\n\n\n\n<p><strong>Urgences :<\/strong> 112 (secours) ou 113 (police)<\/p>\n\n\n\n<p><strong>Pharmacie :<\/strong> Pharmacie Familia \u00e0 750 m\u00e8tres (Rue des Clairisses 2, Tournai)<br>Pharmacies de garde : <a href=\"https:\/\/www.pharmacie.be\/PharmacySearch?Query=Tournai&#038;OnDuty=true\" target=\"_blank\" rel=\"noopener\">www.pharmacie.be<\/a><\/p>\n\n\n\n<h2 class=\"wp-block-heading\">Services \u00e0 la client\u00e8le<\/h2>\n\n\n\n<p>Nous sommes \u00e0 votre disposition pour faciliter votre s\u00e9jour : conseils pour d\u00e9couvrir la ville, informations sur les transports, r\u00e9servations de taxi, restaurant ou activit\u00e9s.<\/p>\n\n\n\n<p>Besoin d&rsquo;imprimer votre carte d&#8217;embarquement ? Envoyez-la par mail \u00e0 <a href=\"mailto:info@onirotournai.com\">info@onirotournai.com<\/a>.<\/p>\n\n\n\n<h2 class=\"wp-block-heading\">Service de chambre<\/h2>\n\n\n\n<p>Le m\u00e9nage est effectu\u00e9 entre 11h00 et 14h30. Pour ne pas \u00eatre d\u00e9rang\u00e9, vous pouvez verrouiller votre porte de l&rsquo;int\u00e9rieur.<\/p>\n\n\n\n<h2 class=\"wp-block-heading\">Bagagerie<\/h2>\n\n\n\n<p>Besoin d&rsquo;aide avec vos bagages ? Contactez la r\u00e9ception. Vous pouvez \u00e9galement consigner vos bagages avant ou apr\u00e8s l&rsquo;occupation de votre chambre.<\/p>\n\n\n\n<h2 class=\"wp-block-heading\">Blanchisserie<\/h2>\n\n\n\n<p>Le service de blanchisserie est assur\u00e9 par notre partenaire Cool Concept. D\u00e9posez le sac pr\u00e9vu \u00e0 cet effet \u00e0 la r\u00e9ception.<\/p>\n\n\n\n<h2 class=\"wp-block-heading\">Fer et table \u00e0 repasser<\/h2>\n\n\n\n<p>Disponibles sur demande \u00e0 la r\u00e9ception.<\/p>\n\n\n\n<h2 class=\"wp-block-heading\">Produits &#038; \u00c9quipements<\/h2>\n\n\n\n<p>Mis \u00e0 disposition dans votre chambre : peignoirs, chaussons, serviettes, gel douche, shampoing, lotion pour le corps, savon, bonnet de douche, brosse \u00e0 dents et dentifrice.<\/p>\n\n\n\n<p>Disponibles sur demande : kit de couture, peigne, \u00e9ponge \u00e0 chaussures, rasoir, bloc-notes, stylo, adaptateur et parapluie.<\/p>\n\n\n\n<h2 class=\"wp-block-heading\">WiFi<\/h2>\n\n\n\n<p>L&rsquo;acc\u00e8s WiFi est gratuit dans tout l&rsquo;\u00e9tablissement.<br><strong>R\u00e9seau :<\/strong> ONIRO<br><strong>Mot de passe :<\/strong> 28022020<\/p>\n\n\n\n<h2 class=\"wp-block-heading\">T\u00e9l\u00e9phone &#038; Photocopies<\/h2>\n\n\n\n<p>Un t\u00e9l\u00e9phone est disponible \u00e0 la r\u00e9ception. Nous pouvons \u00e9galement scanner ou photocopier vos documents.<\/p>\n\n\n\n<h2 class=\"wp-block-heading\">Objets perdus<\/h2>\n\n\n\n<p>Si vous avez perdu ou trouv\u00e9 un objet, merci d&rsquo;en informer la r\u00e9ception.<\/p>\n\n\n\n<h2 class=\"wp-block-heading\">Transports<\/h2>\n\n\n\n<p><strong>Gare de Tournai :<\/strong> \u00e0 1,6 km (environ 20 minutes \u00e0 pied). Nous proposons un service de navette gratuit sur demande.<\/p>\n\n\n\n<p><strong>Taxis :<\/strong><\/p>\n\n\n\n<ul class=\"wp-block-list\">\n<li>BelGoTaxi: <a href=\"tel:+32492851462\">+32 492 85 14 62<\/a> \u2014 <a href=\"https:\/\/belgotaxi.be\/\" target=\"_blank\" rel=\"noopener\">www.belgotaxi.be\/<\/a><\/li>\n<li>Taxi Charly : <a href=\"tel:+32495222879\">+32 495 22 28 79<\/a> \u2014 <a href=\"https:\/\/www.taxicharly.com\/\" target=\"_blank\" rel=\"noopener\">www.taxicharly.com<\/a><\/li>\n<li>Taxi Mol : <a href=\"tel:+3269224817\">+32 69 22 48 17<\/a> \u2014 <a href=\"https:\/\/www.mol-tournai.com\/taxi\" target=\"_blank\" rel=\"noopener\">www.mol-tournai.com\/taxi<\/a><\/li>\n<\/ul>\n\n\n\n<h2 class=\"wp-block-heading\">Animaux<\/h2>\n\n\n\n<p>Les animaux de compagnie ne sont pas autoris\u00e9s dans l&rsquo;\u00e9tablissement.<\/p>\n\n\n\n<h2 class=\"wp-block-heading\">Sports &#038; Loisirs<\/h2>\n\n\n\n<p>Accrobranche, randonn\u00e9e, jogging, v\u00e9lo, trampoline\u2026 une multitude d&rsquo;activit\u00e9s sont disponibles \u00e0 Tournai. La r\u00e9ception se fera un plaisir de vous renseigner.<\/p>\n\n\n\n<h2 class=\"wp-block-heading\">Shopping<\/h2>\n\n\n\n<p>De nombreuses options de shopping sont disponibles au centre-ville.<\/p>\n\n\n\n<p>\u00c0 600 m\u00e8tres : le centre commercial <strong>Les Bastions<\/strong> (Boulevard Walter de Marvis 22)<br><a href=\"https:\/\/www.lesbastions.be\" target=\"_blank\" rel=\"noopener\">www.lesbastions.be<\/a><\/p>\n\n\n\n<h2 class=\"wp-block-heading\">Petit-d\u00e9jeuner<\/h2>\n\n\n\n<p>Le petit-d\u00e9jeuner est servi en chambre ou dans le salon d&rsquo;accueil, de 7h00 \u00e0 10h00. Si vous avez des restrictions alimentaires, merci de nous pr\u00e9venir \u00e0 l&rsquo;avance.<\/p>\n\n\n\n<h2 class=\"wp-block-heading\">Restaurant &#038; Bar<\/h2>\n\n\n\n<p><strong>Le Greco<\/strong> \u2014 Notre restaurant situ\u00e9 \u00e0 3 minutes en voiture<br>Open op maandagavond en van woensdag tot en met zaterdagavond.<br><a href=\"https:\/\/www.legrecotournai.be\/restaurant\/\" target=\"_blank\" rel=\"noopener\">www.legrecotournai.be\/restaurant<\/a><\/p>\n\n\n\n<p><strong>L&rsquo;\u0152noBar<\/strong> \u2014 Notre bar \u00e0 vins, situ\u00e9 \u00e0 c\u00f4t\u00e9 du Greco<br><a href=\"https:\/\/www.legrecotournai.be\/oenobar\/\" target=\"_blank\" rel=\"noopener\">www.legrecotournai.be\/oenobar<\/a><\/p>\n\n\n\n<p><strong>Le Gaou<\/strong> \u2014 Restaurant \u00e0 250 m\u00e8tres de l&rsquo;h\u00f4tel<br><a href=\"https:\/\/www.legaou.com\/\" target=\"_blank\" rel=\"noopener\">www.legaou.com<\/a><\/p>\n\n\n\n<h2 class=\"wp-block-heading\">Room Service<\/h2>\n\n\n\n<p>Nous sommes \u00e0 votre disposition \u00e0 tout moment via le num\u00e9ro : <a href=\"tel:+32473947733\">+32 473 94 77 33<\/a><\/p>\n\n\n\n<h2 class=\"wp-block-heading\">S\u00e9curit\u00e9 incendie<\/h2>\n\n\n\n<p>Les consignes de s\u00e9curit\u00e9 sont affich\u00e9es pr\u00e8s de la porte d&rsquo;entr\u00e9e principale de chaque chambre.<\/p>","protected":false},"excerpt":{"rendered":"<p>Guide du s\u00e9jour Bienvenue Chers Clients, C&rsquo;est un plaisir pour nous de pouvoir vous accueillir \u00e0 l&rsquo;H\u00f4tel ONIRO. R\u00e9ception La r\u00e9ception se tient \u00e0 votre disposition \u00e0 tout moment via le num\u00e9ro de t\u00e9l\u00e9phone affich\u00e9 dans la chambre : +32 473 94 77 33 La carte d&rsquo;acc\u00e8s permet d&rsquo;acc\u00e9der \u00e0 toute heure \u00e0 l&rsquo;\u00e9tablissement ainsi [&hellip;]<\/p>\n","protected":false},"author":1,"featured_media":0,"parent":0,"menu_order":0,"comment_status":"closed","ping_status":"closed","template":"","meta":{"footnotes":""},"class_list":["post-13442","page","type-page","status-publish","hentry"],"_links":{"self":[{"href":"https:\/\/www.onirotournai.com\/nl\/wp-json\/wp\/v2\/pages\/13442","targetHints":{"allow":["GET"]}}],"collection":[{"href":"https:\/\/www.onirotournai.com\/nl\/wp-json\/wp\/v2\/pages"}],"about":[{"href":"https:\/\/www.onirotournai.com\/nl\/wp-json\/wp\/v2\/types\/page"}],"author":[{"embeddable":true,"href":"https:\/\/www.onirotournai.com\/nl\/wp-json\/wp\/v2\/users\/1"}],"replies":[{"embeddable":true,"href":"https:\/\/www.onirotournai.com\/nl\/wp-json\/wp\/v2\/comments?post=13442"}],"version-history":[{"count":4,"href":"https:\/\/www.onirotournai.com\/nl\/wp-json\/wp\/v2\/pages\/13442\/revisions"}],"predecessor-version":[{"id":13447,"href":"https:\/\/www.onirotournai.com\/nl\/wp-json\/wp\/v2\/pages\/13442\/revisions\/13447"}],"wp:attachment":[{"href":"https:\/\/www.onirotournai.com\/nl\/wp-json\/wp\/v2\/media?parent=13442"}],"curies":[{"name":"wp","href":"https:\/\/api.w.org\/{rel}","templated":true}]}}