{"id":13328,"date":"2026-02-12T22:02:16","date_gmt":"2026-02-12T21:02:16","guid":{"rendered":"https:\/\/www.onirotournai.com\/v3\/?page_id=13328"},"modified":"2026-03-10T18:59:52","modified_gmt":"2026-03-10T17:59:52","slug":"cookie-policy","status":"publish","type":"page","link":"https:\/\/www.onirotournai.com\/en\/cookie-policy\/","title":{"rendered":"Cookie Policy"},"content":{"rendered":"<h3 class=\"wp-block-heading\">1. Cookies<\/h3>\n\n\n\n<p>Cookies are small data or text files placed on your local computer by websites or applications. Such cookies can serve different purposes. We distinguish between functional cookies (for example when you select a language or when you add items to your \u201cshopping cart\u201d), session cookies (temporary) and tracking cookies (which analyze and record your behavior on the website in order to offer you an optimal user experience).<\/p>\n\n\n\n<p>The Belgian law of 13 June 2005 concerning electronic communications contains several provisions relating to cookies and their use on websites. The application of Belgian law derives from the European e-Privacy Directive, which implies that the use of cookies and their regulation at national level may differ between European countries.<\/p>\n\n\n\n<p>ONIRO is a company active on the Belgian market and therefore follows Belgian legislation in this matter.<\/p>\n\n\n\n<h3 class=\"wp-block-heading\">2. What is the purpose of cookies?<\/h3>\n\n\n\n<p>ONIRO wishes to inform you as clearly as possible about the rules surrounding the use of cookies and the types of cookies it uses on its website. By using our website, you agree to the use of cookies. Cookies help ONIRO optimize your visit to its website, remember your technical choices (such as a language choice, a newsletter, etc.), and offer you offers and services that are increasingly tailored to your needs.<\/p>\n\n\n\n<p>To use the ONIRO website, it is recommended to enable cookies. If cookies are disabled, we may not be able to guarantee a visit to our website without technical issues. However, you remain completely free to disable cookies if you wish.<\/p>\n\n\n\n<p>We use cookies to improve your visit and your use of our website. The cookies we use are safe. The information we collect through cookies helps us identify possible errors on our website and offer you specific and personalized services that we believe may interest you.<\/p>\n\n\n\n<h3 class=\"wp-block-heading\">3. What types of cookies does ONIRO use?<\/h3>\n\n\n\n<p>We distinguish the following types of cookies according to their purpose:<\/p>\n\n\n\n<ul class=\"wp-block-list\"><li>Essential \/ strictly necessary cookies<\/li><\/ul>\n\n\n\n<p>These cookies are necessary for the proper functioning of our website and cannot be disabled. They are set in response to actions you take on our website, such as setting your privacy preferences, logging in, or filling in forms. These cookies make it easier to navigate our website (for example returning to a previous page).<\/p>\n\n\n\n<ul class=\"wp-block-list\"><li>Non-essential cookies<\/li><\/ul>\n\n\n\n<p>These cookies are not necessary for the proper functioning of our website but help us provide you with an improved and personalized user experience.<\/p>\n\n\n\n<ul class=\"wp-block-list\"><li>Functional cookies<\/li><\/ul>\n\n\n\n<p>Thanks to these cookies, we can offer you optimal and personalized functionality and user experience on our website. These cookies may be placed on your computer by ONIRO or by external providers whose services we have added to our pages.<\/p>\n\n\n\n<ul class=\"wp-block-list\"><li>Analytical cookies<\/li><\/ul>\n\n\n\n<p>With these cookies we can analyze visits and traffic on our website in order to measure and improve the performance of our website. These cookies allow us to see which pages are the most popular and how visitors navigate the site.<\/p>\n\n\n\n<ul class=\"wp-block-list\"><li>Tracking cookies<\/li><\/ul>\n\n\n\n<p>These cookies may be placed on our website by our advertising partners. They may be used by these companies to build a profile of your interests and show you relevant advertisements on other websites.<\/p>\n\n\n\n<p>We use two types of cookies: our own cookies and cookies from carefully selected partners with whom we collaborate and who advertise our services on their websites.<\/p>\n\n\n\n<p>Internal cookies:<\/p>\n\n\n\n<p class=\"translation-block\">Name: Session cookie<br>Type: Essential \/ strictly necessary cookie<br>Retention period: 24 hours<\/p>\n\n\n\n<p>Third-party cookies:<\/p>\n\n\n\n<p class=\"translation-block\">Name: Google Analytics<br>Type: Analytical cookie<br>Retention period: 24 hours<\/p>\n\n\n\n<p>We invite you to consult our Privacy Policy for more information regarding the processing of your personal data by ONIRO.<\/p>\n\n\n\n<h3 class=\"wp-block-heading\">4. How can I manage my cookies?<\/h3>\n\n\n\n<p class=\"translation-block\">Make sure that cookies are enabled in your browser. <strong>To enable cookies<\/strong>, you must perform the following actions:<\/p>\n\n\n\n<p><strong>If your browser is Microsoft Internet Explorer<\/strong><\/p>\n\n\n\n<ul class=\"wp-block-list\"><li>In Internet Explorer, click \u201cInternet Options\u201d in the \u201cTools\u201d menu.<\/li><li>In the \u201cPrivacy\u201d tab, click \u201cSettings\u201d and then \u201cAdvanced\u201d.<\/li><li>Move the slider down to allow cookies.<\/li><li>Click OK.<\/li><\/ul>\n\n\n\n<p><strong>If your browser is Mozilla Firefox<\/strong><\/p>\n\n\n\n<ul class=\"wp-block-list\"><li>Click the \u201cMenu\u201d button (represented by three horizontal bars) in the upper-right corner of your browser and click \u201cPreferences\u201d.<\/li><li>Select the \u201cPrivacy\u201d tab.<\/li><li>In the \u201cHistory\u201d section, select \u201cUse custom settings for history\u201d.<\/li><li>Check \u201cAccept cookies\u201d.<\/li><\/ul>\n\n\n\n<p><strong>If your browser is Google Chrome<\/strong><\/p>\n\n\n\n<ul class=\"wp-block-list\"><li>Open Chrome.<\/li><li>Click the icon with the three vertical dots in the top-right corner of your screen and then click \u201cSettings\u201d.<\/li><li>Click \u201cAdvanced settings\u201d.<\/li><li>Find the \u201cPrivacy and security\u201d section and click \u201cContent settings\u201d.<\/li><li>Click the \u201cCookies\u201d option.<\/li><li>Select \u201cAllow sites to save and read cookie data\u201d.<\/li><\/ul>\n\n\n\n<p><strong>If your browser is Safari<\/strong><\/p>\n\n\n\n<ul class=\"wp-block-list\"><li>Click \u201cPreferences\u201d in the \u201cSafari\u201d menu (found in the Safari browser window).<\/li><li>Then click the \u201cSecurity\u201d tab.<\/li><li>Click \u201cAccept cookies\u201d and select \u201cAlways\u201d or \u201cOnly from websites I visit\u201d.<\/li><\/ul>\n\n\n\n<p class=\"translation-block\">If you visit the ONIRO website, it is recommended to enable cookies. However, you remain free to disable cookies via your browser settings. <strong>To disable cookies<\/strong>, perform the following actions:<\/p>\n\n\n\n<p>If your browser is Microsoft Internet Explorer<\/p>\n\n\n\n<ul class=\"wp-block-list\"><li>In Internet Explorer, click \u201cInternet Options\u201d in the \u201cTools\u201d menu.<\/li><li>In the \u201cPrivacy\u201d tab, click \u201cSettings\u201d and then \u201cAdvanced\u201d.<\/li><li>Move the slider up to block cookies.<\/li><li>Click OK.<\/li><\/ul>\n\n\n\n<p>If your browser is Mozilla Firefox<\/p>\n\n\n\n<ul class=\"wp-block-list\"><li>Click the \u201cMenu\u201d button (represented by three horizontal bars) in the upper-right corner of your browser and click \u201cPreferences\u201d.<\/li><li>Select the \u201cPrivacy\u201d tab.<\/li><li>In the \u201cHistory\u201d section, select \u201cUse custom settings for history\u201d.<\/li><li>Uncheck \u201cAccept cookies\u201d.<\/li><\/ul>\n\n\n\n<p>If your browser is Google Chrome<\/p>\n\n\n\n<ul class=\"wp-block-list\"><li>Open Chrome.<\/li><li>Click the icon with the three vertical dots in the top-right corner of your screen and then click \u201cSettings\u201d.<\/li><li>Click \u201cAdvanced settings\u201d.<\/li><li>Find the \u201cPrivacy and security\u201d section and click \u201cContent settings\u201d.<\/li><li>Click the \u201cCookies\u201d option.<\/li><li>Disable the option \u201cAllow sites to save and read cookie data\u201d.<\/li><\/ul>\n\n\n\n<p>If you are using Safari<\/p>\n\n\n\n<ul class=\"wp-block-list\"><li>Click \u201cPreferences\u201d in the \u201cSafari\u201d menu (found in the Safari browser window).<\/li><li>Then click the \u201cSecurity\u201d tab.<\/li><li>Choose to block cookies.<\/li><\/ul>\n\n\n\n<h3 class=\"wp-block-heading\">5. What are my rights?<\/h3>\n\n\n\n<p>Since cookies may involve the processing of your personal data, you have the right to a lawful and secure processing of your personal data. As a data subject, you have the following rights:<\/p>\n\n\n\n<ul class=\"wp-block-list\"><li>Right to object: if there are compelling and legitimate reasons, you may object to the processing of your personal data.<\/li><li>Right of access: any person who proves their identity has the right to access information about whether their personal data is being processed, as well as information about the purposes of the processing, the categories of data processed, the categories of recipients to whom the data is communicated, and the retention period of the personal data.<\/li><li>Right to correction: inaccurate or incomplete personal data may always be corrected or even deleted upon request of the data subject.<\/li><\/ul>\n\n\n\n<p>The exercise of these rights is always carried out in accordance with the procedures provided in our Privacy Policy. If, after reading this document, you still have questions or comments regarding cookies, you can always contact us at info@onirotournai.com.<\/p>","protected":false},"excerpt":{"rendered":"<p>1. Cookies Les cookies sont de petits fichiers de donn\u00e9es ou de texte plac\u00e9s sur votre ordinateur local par des sites internet ou des applications. De tels cookies peuvent poursuivre diff\u00e9rentes finalit\u00e9s. On distingue ainsi les cookies fonctionnels (par exemple, lorsque vous faites un choix de langue ou lorsque vous ajoutez des achats \u00e0 votre [&hellip;]<\/p>\n","protected":false},"author":1,"featured_media":0,"parent":0,"menu_order":0,"comment_status":"closed","ping_status":"closed","template":"","meta":{"footnotes":""},"class_list":["post-13328","page","type-page","status-publish","hentry"],"_links":{"self":[{"href":"https:\/\/www.onirotournai.com\/en\/wp-json\/wp\/v2\/pages\/13328","targetHints":{"allow":["GET"]}}],"collection":[{"href":"https:\/\/www.onirotournai.com\/en\/wp-json\/wp\/v2\/pages"}],"about":[{"href":"https:\/\/www.onirotournai.com\/en\/wp-json\/wp\/v2\/types\/page"}],"author":[{"embeddable":true,"href":"https:\/\/www.onirotournai.com\/en\/wp-json\/wp\/v2\/users\/1"}],"replies":[{"embeddable":true,"href":"https:\/\/www.onirotournai.com\/en\/wp-json\/wp\/v2\/comments?post=13328"}],"version-history":[{"count":2,"href":"https:\/\/www.onirotournai.com\/en\/wp-json\/wp\/v2\/pages\/13328\/revisions"}],"predecessor-version":[{"id":13330,"href":"https:\/\/www.onirotournai.com\/en\/wp-json\/wp\/v2\/pages\/13328\/revisions\/13330"}],"wp:attachment":[{"href":"https:\/\/www.onirotournai.com\/en\/wp-json\/wp\/v2\/media?parent=13328"}],"curies":[{"name":"wp","href":"https:\/\/api.w.org\/{rel}","templated":true}]}}